{"id":151,"date":"2020-01-21T23:38:59","date_gmt":"2020-01-21T23:38:59","guid":{"rendered":"https:\/\/www.alicedourenn.com\/?page_id=151"},"modified":"2026-02-23T10:33:46","modified_gmt":"2026-02-23T10:33:46","slug":"photographe-auteure","status":"publish","type":"page","link":"https:\/\/www.alicedourenn.com\/","title":{"rendered":"Alice DOURENN"},"content":{"rendered":"\n<p class=\"has-medium-font-size\"><mark style=\"background-color:rgba(0, 0, 0, 0)\" class=\"has-inline-color has-cyan-bluish-gray-color\">Photographe plasticienne<\/mark><\/p>\n\n\n\n<p class=\"has-medium-font-size\">Contact : + 33 (0)6 50 77 79 48   <\/p>\n\n\n\n<p>alicedourenn@hotmail.fr<\/p>\n\n\n\n<p>Atelier : 21 Place Monge, 73000 Chamb\u00e9ry<\/p>\n\n\n\n<p>Repr\u00e9sent\u00e9e par la <a rel=\"noreferrer noopener\" aria-label=\"Galerie l&#039;antichambre (s\u2019ouvre dans un nouvel onglet)\" href=\"http:\/\/www.galerie-antichambre.com\/artistes\/alice-dourenn\/\" target=\"_blank\">Galerie l&rsquo;antichambre<\/a><\/p>\n\n\n\n<p>Membre de l&rsquo;ADAGP<\/p>\n\n\n\n<p><\/p>\n\n\n\n<h1 class=\"wp-block-heading has-text-align-center\"><\/h1>\n","protected":false},"excerpt":{"rendered":"<p>Photographe plasticienne Contact : + 33 (0)6 50 77 79 48 alicedourenn@hotmail.fr Atelier : 21 Place Monge, 73000 Chamb\u00e9ry Repr\u00e9sent\u00e9e par la Galerie l&rsquo;antichambre Membre de l&rsquo;ADAGP<\/p>\n","protected":false},"author":1,"featured_media":0,"parent":0,"menu_order":0,"comment_status":"closed","ping_status":"closed","template":"","meta":{"footnotes":""},"class_list":["post-151","page","type-page","status-publish","hentry"],"_links":{"self":[{"href":"https:\/\/www.alicedourenn.com\/index.php?rest_route=\/wp\/v2\/pages\/151","targetHints":{"allow":["GET"]}}],"collection":[{"href":"https:\/\/www.alicedourenn.com\/index.php?rest_route=\/wp\/v2\/pages"}],"about":[{"href":"https:\/\/www.alicedourenn.com\/index.php?rest_route=\/wp\/v2\/types\/page"}],"author":[{"embeddable":true,"href":"https:\/\/www.alicedourenn.com\/index.php?rest_route=\/wp\/v2\/users\/1"}],"replies":[{"embeddable":true,"href":"https:\/\/www.alicedourenn.com\/index.php?rest_route=%2Fwp%2Fv2%2Fcomments&post=151"}],"version-history":[{"count":32,"href":"https:\/\/www.alicedourenn.com\/index.php?rest_route=\/wp\/v2\/pages\/151\/revisions"}],"predecessor-version":[{"id":947,"href":"https:\/\/www.alicedourenn.com\/index.php?rest_route=\/wp\/v2\/pages\/151\/revisions\/947"}],"wp:attachment":[{"href":"https:\/\/www.alicedourenn.com\/index.php?rest_route=%2Fwp%2Fv2%2Fmedia&parent=151"}],"curies":[{"name":"wp","href":"https:\/\/api.w.org\/{rel}","templated":true}]}}