{"id":215,"date":"2020-02-11T14:12:39","date_gmt":"2020-02-11T14:12:39","guid":{"rendered":"https:\/\/www.alicedourenn.com\/?page_id=215"},"modified":"2025-11-18T20:29:20","modified_gmt":"2025-11-18T20:29:20","slug":"femmes-qui-crient-au-sirop","status":"publish","type":"page","link":"https:\/\/www.alicedourenn.com\/?page_id=215","title":{"rendered":"Femmes qui crient au sirop"},"content":{"rendered":"\n<p>3 Photographies g\u00e9latino-bromure d&rsquo;argent sur verre, noir et blanc,<br>tirage sur deux faces du bocal.<br>\u00d8 85 mm, H 170 mm, pos\u00e9 sur un miroir rond \u00d8 15 cm.<\/p>\n\n\n\n<ul class=\"wp-block-list\">\n<li>Photo Docks Art Fair, galerie l&rsquo;Antichambre, Lyon, 2016<\/li>\n<\/ul>\n\n\n\n<p>J\u2019ai r\u00e9cup\u00e9r\u00e9 sur internet des photographies de femmes qui pleurent issues de la guerre en Syrie. Des femmes qui crient haut si haut et dont je suis dans l\u2019impossibilit\u00e9  de faire quelque chose. C\u2019est un questionnement sur la capacit\u00e9 de transmission de la photographie. L\u2019insupportable est montr\u00e9 et pourtant, je peux regarder ces photographies sans qu\u2019elles me touchent. Cette distanciation devient une mise en pot au sirop qui montre l\u2019aspect consum\u00e9riste de la photographie tout en tentant de conserver la r\u00e9alit\u00e9 pour ne pas l\u2019oublier. <\/p>\n\n\n<div class=\"wp-block-image\">\n<figure class=\"aligncenter size-large\"><img loading=\"lazy\" decoding=\"async\" width=\"584\" height=\"876\" src=\"https:\/\/www.alicedourenn.com\/wp-content\/uploads\/2020\/02\/femme-qui-crie-au-sirop-3-Alice-Dourenn-2.jpg\" alt=\"Femme qui crie au sirop 3 \nAlice Dourenn\" class=\"wp-image-229\" srcset=\"https:\/\/www.alicedourenn.com\/wp-content\/uploads\/2020\/02\/femme-qui-crie-au-sirop-3-Alice-Dourenn-2.jpg 584w, https:\/\/www.alicedourenn.com\/wp-content\/uploads\/2020\/02\/femme-qui-crie-au-sirop-3-Alice-Dourenn-2-200x300.jpg 200w\" sizes=\"auto, (max-width: 584px) 100vw, 584px\" \/><\/figure>\n<\/div>\n\n\n<p>Femme qui crie au sirop 3 Alice Dourenn<\/p>\n\n\n<div class=\"wp-block-image\">\n<figure class=\"aligncenter size-large\"><img loading=\"lazy\" decoding=\"async\" width=\"584\" height=\"876\" src=\"https:\/\/www.alicedourenn.com\/wp-content\/uploads\/2020\/02\/femme-qui-crie-au-sirop-3-vue-dessus-Alice-Dourenn-2.jpg\" alt=\"Femme qui crie au sirop 3 vue dessus Alice Dourenn\" class=\"wp-image-234\" srcset=\"https:\/\/www.alicedourenn.com\/wp-content\/uploads\/2020\/02\/femme-qui-crie-au-sirop-3-vue-dessus-Alice-Dourenn-2.jpg 584w, https:\/\/www.alicedourenn.com\/wp-content\/uploads\/2020\/02\/femme-qui-crie-au-sirop-3-vue-dessus-Alice-Dourenn-2-200x300.jpg 200w\" sizes=\"auto, (max-width: 584px) 100vw, 584px\" \/><\/figure>\n<\/div>\n\n\n<p>Femme qui crie au sirop 3 vue dessus Alice Dourenn<\/p>\n","protected":false},"excerpt":{"rendered":"<p>3 Photographies g\u00e9latino-bromure d&rsquo;argent sur verre, noir et blanc,tirage sur deux faces du bocal.\u00d8 85 mm, H 170 mm, pos\u00e9 sur un miroir rond \u00d8 15 cm. J\u2019ai r\u00e9cup\u00e9r\u00e9 sur internet des photographies de femmes qui pleurent issues de la <a class=\"more-link\" href=\"https:\/\/www.alicedourenn.com\/?page_id=215\">Lire plus\u00a0\u2026<\/a><\/p>\n","protected":false},"author":1,"featured_media":0,"parent":728,"menu_order":0,"comment_status":"closed","ping_status":"closed","template":"","meta":{"footnotes":""},"class_list":["post-215","page","type-page","status-publish","hentry"],"_links":{"self":[{"href":"https:\/\/www.alicedourenn.com\/index.php?rest_route=\/wp\/v2\/pages\/215","targetHints":{"allow":["GET"]}}],"collection":[{"href":"https:\/\/www.alicedourenn.com\/index.php?rest_route=\/wp\/v2\/pages"}],"about":[{"href":"https:\/\/www.alicedourenn.com\/index.php?rest_route=\/wp\/v2\/types\/page"}],"author":[{"embeddable":true,"href":"https:\/\/www.alicedourenn.com\/index.php?rest_route=\/wp\/v2\/users\/1"}],"replies":[{"embeddable":true,"href":"https:\/\/www.alicedourenn.com\/index.php?rest_route=%2Fwp%2Fv2%2Fcomments&post=215"}],"version-history":[{"count":10,"href":"https:\/\/www.alicedourenn.com\/index.php?rest_route=\/wp\/v2\/pages\/215\/revisions"}],"predecessor-version":[{"id":774,"href":"https:\/\/www.alicedourenn.com\/index.php?rest_route=\/wp\/v2\/pages\/215\/revisions\/774"}],"up":[{"embeddable":true,"href":"https:\/\/www.alicedourenn.com\/index.php?rest_route=\/wp\/v2\/pages\/728"}],"wp:attachment":[{"href":"https:\/\/www.alicedourenn.com\/index.php?rest_route=%2Fwp%2Fv2%2Fmedia&parent=215"}],"curies":[{"name":"wp","href":"https:\/\/api.w.org\/{rel}","templated":true}]}}