{"id":239,"date":"2020-02-11T14:42:09","date_gmt":"2020-02-11T14:42:09","guid":{"rendered":"https:\/\/www.alicedourenn.com\/?page_id=239"},"modified":"2026-02-23T10:56:42","modified_gmt":"2026-02-23T10:56:42","slug":"interventions","status":"publish","type":"page","link":"https:\/\/www.alicedourenn.com\/?page_id=239","title":{"rendered":"Interventions"},"content":{"rendered":"\n<p><\/p>\n\n\n\n<h2 class=\"wp-block-heading\">Le grand m\u00e9chant loups et autres contes<\/h2>\n\n\n\n<p>Lyc\u00e9e Professionnel Agricole, 13 avenue Henry Bordeaux, 73160 COGNIN.<br>24 \u00e9l\u00e8ves de terminale SAPAT, 20 heures d\u2019interventions, 2020.<\/p>\n\n\n\n<p><strong>La photographie comme&nbsp;rituel, outil de connaissance de soi, traducteur de la fiction au r\u00e9el et inversement<\/strong>.<\/p>\n\n\n\n<p>Les r\u00eaves nous connectent directement \u00e0 notre inconscient. Ils sont naturels mais nous les consignons \u00e0 la vie nocturne. Lorsque nous r\u00eavons, nous les ressentons comme r\u00e9els. Ils sont des passerelles entre le conscient et l\u2019inconscient. Beaucoup d\u2019artistes ont l\u2019habitude de puiser sans peine aux sources de l\u2019onirisme. Ils savent faire se trajet aller-retour qui relie le r\u00e9el \u00e0 l\u2019irr\u00e9el. Le projet a consist\u00e9 \u00e0 entrer dans ce processus cr\u00e9atif en proposant aux \u00e9l\u00e8ves de repr\u00e9senter photographiquement leurs cauchemars et leurs r\u00eaves. Ils ont commenc\u00e9 par \u00e9crire un r\u00eave ou un cauchemar \u00e9vocateur et \u00e0 partir de leurs descriptions ils ont con\u00e7u leurs mises en sc\u00e8ne avec les moyen de la photographie de studio. Ils ont ensuite finalis\u00e9 leur autoportrait avec un logiciel de retouche photo.<\/p>\n\n\n\n<figure class=\"wp-block-image size-full\"><img loading=\"lazy\" decoding=\"async\" width=\"1021\" height=\"680\" src=\"https:\/\/www.alicedourenn.com\/wp-content\/uploads\/2025\/11\/Laurie.jpg\" alt=\"\" class=\"wp-image-907\" srcset=\"https:\/\/www.alicedourenn.com\/wp-content\/uploads\/2025\/11\/Laurie.jpg 1021w, https:\/\/www.alicedourenn.com\/wp-content\/uploads\/2025\/11\/Laurie-300x200.jpg 300w, https:\/\/www.alicedourenn.com\/wp-content\/uploads\/2025\/11\/Laurie-768x511.jpg 768w\" sizes=\"auto, (max-width: 1021px) 100vw, 1021px\" \/><\/figure>\n\n\n\n<hr class=\"wp-block-separator has-alpha-channel-opacity\"\/>\n\n\n\n<p><\/p>\n\n\n\n<h2 class=\"wp-block-heading\">R\u00e9flexion photographique<\/h2>\n\n\n\n<p>Ecole de la Deuxi\u00e8me Chance (E2C 73), Voglans, 15 stagiaires, 16 heures d\u2019interventions.<\/p>\n\n\n\n<p>10 photographies num\u00e9riques, couleur, 50x70cm, 20 photographies num\u00e9riques, couleur, 20x30cm, exposition Biblioth\u00e8que Georges Brassens, Chamb\u00e9ry, 2016.<\/p>\n\n\n\n<p><strong>D\u00e9couvrir l\u2019autre dans ses diff\u00e9rences \u00e0 travers le regard photographique.<br>M\u00e9langer la mise en sc\u00e8ne et le reportage.<\/strong><\/p>\n\n\n\n<p>Les stagiaires ont r\u00e9alis\u00e9 des photographies en partant du th\u00e8me \u00e0 la crois\u00e9e des diff\u00e9rences. Ils ont arpent\u00e9 diff\u00e9rents lieux avec des appareils photo r\u00e9flex \u00e0 la recherche de l\u2019image de l\u2019autre et d\u2019eux m\u00eame.L\u2019int\u00e9gration de miroirs a permis de mettre une contrainte particuli\u00e8re pour sortir de l\u2019image de face et exp\u00e9rimenter le regard avec un objet de d\u00e9tournement. Il mat\u00e9rialise la distance, la proximit\u00e9, les filtres, les \u00e9vitements\u2026 que nous mettons pour regarder l\u2019autre. Les stagiaires ont abord\u00e9 des gens en leur expliquant le projet. Le choix s\u2019est port\u00e9 sur des lieux de passages et \u00e9clectiques : mus\u00e9e des beaux arts, bus, gare, place du palais de justice \u00e0 Chamb\u00e9ry, port d\u2019Aix- les- bains. Les gens pouvaient utiliser le miroir de la mani\u00e8re qu\u2019ils voulaient.<\/p>\n\n\n<div class=\"wp-block-image\">\n<figure class=\"aligncenter size-full\"><img loading=\"lazy\" decoding=\"async\" width=\"1021\" height=\"680\" src=\"https:\/\/www.alicedourenn.com\/wp-content\/uploads\/2025\/11\/savoie_11059-2.jpg\" alt=\"\" class=\"wp-image-894\" srcset=\"https:\/\/www.alicedourenn.com\/wp-content\/uploads\/2025\/11\/savoie_11059-2.jpg 1021w, https:\/\/www.alicedourenn.com\/wp-content\/uploads\/2025\/11\/savoie_11059-2-300x200.jpg 300w, https:\/\/www.alicedourenn.com\/wp-content\/uploads\/2025\/11\/savoie_11059-2-768x511.jpg 768w\" sizes=\"auto, (max-width: 1021px) 100vw, 1021px\" \/><\/figure>\n<\/div>\n\n\n<hr class=\"wp-block-separator has-alpha-channel-opacity\"\/>\n\n\n\n<p><code role=\"textbox\" aria-multiline=\"true\" aria-label=\"Code\" class=\"block-editor-rich-text__editable rich-text\" contenteditable=\"true\"><\/code> <\/p>\n\n\n\n<h2 class=\"wp-block-heading\">Jeu d&rsquo;art des v\u00e9g\u00e9taux par la photo<\/h2>\n\n\n\n<p>CFPPA Reinach, La Motte Servolex, 2014-2015.<br>36 apprentis, 30 heures d\u2019interventions.<\/p>\n\n\n\n<p>36 photographies num\u00e9riques, couleur, 20x30cm, 36 photographies argentiques, noir et blanc, 18x24cm et 30&#215;40 cm, un jeu de 36 cartes recto-verso de reconnaissance des v\u00e9g\u00e9taux, 20x30cm.<\/p>\n\n\n\n<p>Exposition Biblioth\u00e8que des deux mondes, La Motte Servolex, juin 2015.<\/p>\n\n\n\n<p><strong>Utiliser l&rsquo;art photographique au service de la reconnaissance des v\u00e9g\u00e9taux<br>Appropriation de la cr\u00e9ation par les apprentis comme outil d&rsquo;apprentissage.<\/strong><\/p>\n\n\n\n<p>Les apprentis ont d\u00e9couvert deux aspects de la photographie qui traverse son histoire: le laboratoire photo et le studio. La technique du photogramme (impression directe sur papier photosensible) d\u00e8s les d\u00e9buts de la photographie prend comme mat\u00e9riaux les v\u00e9g\u00e9taux, l\u2019 exemple connu sont les photographies de William Henry Fox Talbot. L\u2019atelier se d\u00e9roulait en trois temps: l\u2019 apprenti choisissait sa plante dans le parc du centre, ensuite il r\u00e9alisait la photographie num\u00e9rique dans le studio puis son photogramme dans le laboratoire. <\/p>\n\n\n\n<figure class=\"wp-block-gallery has-nested-images columns-default is-cropped wp-block-gallery-1 is-layout-flex wp-block-gallery-is-layout-flex\">\n<figure class=\"wp-block-image size-large\"><img loading=\"lazy\" decoding=\"async\" width=\"724\" height=\"1024\" data-id=\"898\" src=\"https:\/\/www.alicedourenn.com\/wp-content\/uploads\/2025\/11\/DOC010-1-724x1024.jpg\" alt=\"\" class=\"wp-image-898\" srcset=\"https:\/\/www.alicedourenn.com\/wp-content\/uploads\/2025\/11\/DOC010-1-724x1024.jpg 724w, https:\/\/www.alicedourenn.com\/wp-content\/uploads\/2025\/11\/DOC010-1-212x300.jpg 212w, https:\/\/www.alicedourenn.com\/wp-content\/uploads\/2025\/11\/DOC010-1-768x1086.jpg 768w, https:\/\/www.alicedourenn.com\/wp-content\/uploads\/2025\/11\/DOC010-1.jpg 827w\" sizes=\"auto, (max-width: 724px) 100vw, 724px\" \/><\/figure>\n\n\n\n<figure class=\"wp-block-image size-large\"><img loading=\"lazy\" decoding=\"async\" width=\"724\" height=\"1024\" data-id=\"899\" src=\"https:\/\/www.alicedourenn.com\/wp-content\/uploads\/2025\/11\/savoie_6519-724x1024.jpg\" alt=\"\" class=\"wp-image-899\" srcset=\"https:\/\/www.alicedourenn.com\/wp-content\/uploads\/2025\/11\/savoie_6519-724x1024.jpg 724w, https:\/\/www.alicedourenn.com\/wp-content\/uploads\/2025\/11\/savoie_6519-212x300.jpg 212w, https:\/\/www.alicedourenn.com\/wp-content\/uploads\/2025\/11\/savoie_6519-768x1086.jpg 768w, https:\/\/www.alicedourenn.com\/wp-content\/uploads\/2025\/11\/savoie_6519-1086x1536.jpg 1086w, https:\/\/www.alicedourenn.com\/wp-content\/uploads\/2025\/11\/savoie_6519-1448x2048.jpg 1448w, https:\/\/www.alicedourenn.com\/wp-content\/uploads\/2025\/11\/savoie_6519-scaled.jpg 1810w\" sizes=\"auto, (max-width: 724px) 100vw, 724px\" \/><\/figure>\n<\/figure>\n\n\n\n<hr class=\"wp-block-separator has-alpha-channel-opacity\"\/>\n\n\n\n<h2 class=\"wp-block-heading\">Quand le chat n&rsquo;est pas l\u00e0, les souris dansent<\/h2>\n\n\n\n<p>Classes primaires et maternelles de Chautagne, 2015.<\/p>\n\n\n\n<p>Projet en bin\u00f4me avec l&rsquo;artiste Colette Reydet.<\/p>\n\n\n\n<p><strong>Faire d\u00e9couvrir la richesse des expressions de la langue fran\u00e7aise de mani\u00e8re artistique et ludique. Approche collaborative entre les \u00e9l\u00e8ves.<\/strong><\/p>\n\n\n\n<p>Les enfants ont travaill\u00e9 sur des proverbes et fabriqu\u00e9 les \u00e9l\u00e9ments de d\u00e9cor qui ont servi \u00e0 des sayn\u00e8tes photographi\u00e9es.<\/p>\n\n\n<div class=\"wp-block-image\">\n<figure class=\"aligncenter size-full\"><img loading=\"lazy\" decoding=\"async\" width=\"1021\" height=\"680\" src=\"https:\/\/www.alicedourenn.com\/wp-content\/uploads\/2025\/11\/Petit-a-petit-loiseau-fait-son-nid-2.jpg\" alt=\"\" class=\"wp-image-926\" srcset=\"https:\/\/www.alicedourenn.com\/wp-content\/uploads\/2025\/11\/Petit-a-petit-loiseau-fait-son-nid-2.jpg 1021w, https:\/\/www.alicedourenn.com\/wp-content\/uploads\/2025\/11\/Petit-a-petit-loiseau-fait-son-nid-2-300x200.jpg 300w, https:\/\/www.alicedourenn.com\/wp-content\/uploads\/2025\/11\/Petit-a-petit-loiseau-fait-son-nid-2-768x511.jpg 768w\" sizes=\"auto, (max-width: 1021px) 100vw, 1021px\" \/><figcaption class=\"wp-element-caption\">Petit \u00e0 petit l&rsquo;oiseau fait son nid<\/figcaption><\/figure>\n<\/div>\n\n\n<hr class=\"wp-block-separator has-alpha-channel-opacity\"\/>\n\n\n\n<h2 class=\"wp-block-heading\">Les apprentis se photographient.<\/h2>\n\n\n\n<p>CFPPA Reinach, La Motte Servolex, 2013-2014.<br>31 apprentis, 30 heures d\u2019interventions.<\/p>\n\n\n\n<p>15 photographies num\u00e9riques, couleur, 40&#215;60 cm, Exposition Espace Larith, Chamb\u00e9ry, f\u00e9vrier 2014.<\/p>\n\n\n\n<p><strong>Rendre l&rsquo;apprenti <strong>acteur<\/strong><\/strong> <strong>sur l&rsquo;ensemble des \u00e9tapes d&rsquo;un reportage photographique.<br>Valoriser l&rsquo;apprenti dans son environnement d&rsquo;apprentissage.<\/strong><\/p>\n\n\n\n<p>La r\u00e9alisation du projet \u00e0 laiss\u00e9 une v\u00e9ritable place aux apprentis qui ont utilis\u00e9 un appareil professionnel . La recherche de leur propre image a permis de porter un regard sur eux-m\u00eame au sein de leur environnement d\u2019apprentissage et de v\u00e9hiculer une image positive par le biais de l\u2019exposition.<\/p>\n\n\n<div class=\"wp-block-image\">\n<figure class=\"aligncenter size-full\"><img loading=\"lazy\" decoding=\"async\" width=\"1021\" height=\"680\" src=\"https:\/\/www.alicedourenn.com\/wp-content\/uploads\/2025\/11\/savoie_3376.jpg\" alt=\"\" class=\"wp-image-904\" srcset=\"https:\/\/www.alicedourenn.com\/wp-content\/uploads\/2025\/11\/savoie_3376.jpg 1021w, https:\/\/www.alicedourenn.com\/wp-content\/uploads\/2025\/11\/savoie_3376-300x200.jpg 300w, https:\/\/www.alicedourenn.com\/wp-content\/uploads\/2025\/11\/savoie_3376-768x511.jpg 768w\" sizes=\"auto, (max-width: 1021px) 100vw, 1021px\" \/><\/figure>\n<\/div>\n\n\n<h2 class=\"wp-block-heading\"><\/h2>\n","protected":false},"excerpt":{"rendered":"<p>Le grand m\u00e9chant loups et autres contes Lyc\u00e9e Professionnel Agricole, 13 avenue Henry Bordeaux, 73160 COGNIN.24 \u00e9l\u00e8ves de terminale SAPAT, 20 heures d\u2019interventions, 2020. La photographie comme&nbsp;rituel, outil de connaissance de soi, traducteur de la fiction au r\u00e9el et inversement. <a class=\"more-link\" href=\"https:\/\/www.alicedourenn.com\/?page_id=239\">Lire plus\u00a0\u2026<\/a><\/p>\n","protected":false},"author":1,"featured_media":0,"parent":0,"menu_order":0,"comment_status":"closed","ping_status":"closed","template":"","meta":{"footnotes":""},"class_list":["post-239","page","type-page","status-publish","hentry"],"_links":{"self":[{"href":"https:\/\/www.alicedourenn.com\/index.php?rest_route=\/wp\/v2\/pages\/239","targetHints":{"allow":["GET"]}}],"collection":[{"href":"https:\/\/www.alicedourenn.com\/index.php?rest_route=\/wp\/v2\/pages"}],"about":[{"href":"https:\/\/www.alicedourenn.com\/index.php?rest_route=\/wp\/v2\/types\/page"}],"author":[{"embeddable":true,"href":"https:\/\/www.alicedourenn.com\/index.php?rest_route=\/wp\/v2\/users\/1"}],"replies":[{"embeddable":true,"href":"https:\/\/www.alicedourenn.com\/index.php?rest_route=%2Fwp%2Fv2%2Fcomments&post=239"}],"version-history":[{"count":18,"href":"https:\/\/www.alicedourenn.com\/index.php?rest_route=\/wp\/v2\/pages\/239\/revisions"}],"predecessor-version":[{"id":946,"href":"https:\/\/www.alicedourenn.com\/index.php?rest_route=\/wp\/v2\/pages\/239\/revisions\/946"}],"wp:attachment":[{"href":"https:\/\/www.alicedourenn.com\/index.php?rest_route=%2Fwp%2Fv2%2Fmedia&parent=239"}],"curies":[{"name":"wp","href":"https:\/\/api.w.org\/{rel}","templated":true}]}}