{"id":406,"date":"2020-04-21T08:14:26","date_gmt":"2020-04-21T08:14:26","guid":{"rendered":"https:\/\/www.alicedourenn.com\/?page_id=406"},"modified":"2025-11-18T20:27:36","modified_gmt":"2025-11-18T20:27:36","slug":"pensee-sauvage-2","status":"publish","type":"page","link":"https:\/\/www.alicedourenn.com\/?page_id=406","title":{"rendered":"Pens\u00e9e Sauvage"},"content":{"rendered":"\n<p>10 photographies g\u00e9latino-bromure d&rsquo;argent sur miroir, noir et blanc, 40&#215;50 cm et 50&#215;70 cm.<\/p>\n\n\n\n<ul class=\"wp-block-list\">\n<li>Galerie l\u2019Antichambre, Chamb\u00e9ry, 2011<\/li>\n\n\n\n<li>12 \u00e8mes rencontres photographiques Art&rsquo;gentik 73, Bassens, 2019<\/li>\n<\/ul>\n\n\n\n<p>Ces photographies sont issues d\u2019un voyage dans la neuvi\u00e8me r\u00e9gion du Chili o\u00f9 se trouve l\u2019Isla Mocha, \u00e0 quelques kilom\u00e8tres des c\u00f4tes. Cette \u00eele rec\u00e8le une for\u00eat originelle. Dans ces lieux, j\u2019ai pu ressentir la profondeur de la nature. Elles sont pour moi comme les images d\u2019un r\u00eave enfoui en chacun de nous.<\/p>\n\n\n\n<figure class=\"wp-block-image size-large\"><img loading=\"lazy\" decoding=\"async\" width=\"1024\" height=\"683\" src=\"https:\/\/www.alicedourenn.com\/wp-content\/uploads\/2025\/11\/expo-rencontres-argentiques-1-1024x683.jpg\" alt=\"\" class=\"wp-image-754\" srcset=\"https:\/\/www.alicedourenn.com\/wp-content\/uploads\/2025\/11\/expo-rencontres-argentiques-1-1024x683.jpg 1024w, https:\/\/www.alicedourenn.com\/wp-content\/uploads\/2025\/11\/expo-rencontres-argentiques-1-300x200.jpg 300w, https:\/\/www.alicedourenn.com\/wp-content\/uploads\/2025\/11\/expo-rencontres-argentiques-1-768x512.jpg 768w, https:\/\/www.alicedourenn.com\/wp-content\/uploads\/2025\/11\/expo-rencontres-argentiques-1.jpg 1459w\" sizes=\"auto, (max-width: 1024px) 100vw, 1024px\" \/><\/figure>\n\n\n<div class=\"wp-block-image\">\n<figure class=\"aligncenter\"><img loading=\"lazy\" decoding=\"async\" width=\"850\" height=\"612\" src=\"https:\/\/www.alicedourenn.com\/wp-content\/uploads\/2020\/04\/pens\u00e9e-sauvage-9.jpg\" alt=\"\" class=\"wp-image-425\" srcset=\"https:\/\/www.alicedourenn.com\/wp-content\/uploads\/2020\/04\/pens\u00e9e-sauvage-9.jpg 850w, https:\/\/www.alicedourenn.com\/wp-content\/uploads\/2020\/04\/pens\u00e9e-sauvage-9-300x216.jpg 300w, https:\/\/www.alicedourenn.com\/wp-content\/uploads\/2020\/04\/pens\u00e9e-sauvage-9-768x553.jpg 768w\" sizes=\"auto, (max-width: 850px) 100vw, 850px\" \/><\/figure>\n<\/div>\n\n<div class=\"wp-block-image\">\n<figure class=\"aligncenter\"><img loading=\"lazy\" decoding=\"async\" width=\"828\" height=\"552\" src=\"https:\/\/www.alicedourenn.com\/wp-content\/uploads\/2020\/04\/pens\u00e9e-sauvage-6.jpg\" alt=\"\" class=\"wp-image-422\" srcset=\"https:\/\/www.alicedourenn.com\/wp-content\/uploads\/2020\/04\/pens\u00e9e-sauvage-6.jpg 828w, https:\/\/www.alicedourenn.com\/wp-content\/uploads\/2020\/04\/pens\u00e9e-sauvage-6-300x200.jpg 300w, https:\/\/www.alicedourenn.com\/wp-content\/uploads\/2020\/04\/pens\u00e9e-sauvage-6-768x512.jpg 768w\" sizes=\"auto, (max-width: 828px) 100vw, 828px\" \/><\/figure>\n<\/div>\n\n<div class=\"wp-block-image\">\n<figure class=\"aligncenter\"><img loading=\"lazy\" decoding=\"async\" width=\"850\" height=\"658\" src=\"https:\/\/www.alicedourenn.com\/wp-content\/uploads\/2020\/04\/pens\u00e9e-sauvage-8.jpg\" alt=\"\" class=\"wp-image-424\" srcset=\"https:\/\/www.alicedourenn.com\/wp-content\/uploads\/2020\/04\/pens\u00e9e-sauvage-8.jpg 850w, https:\/\/www.alicedourenn.com\/wp-content\/uploads\/2020\/04\/pens\u00e9e-sauvage-8-300x232.jpg 300w, https:\/\/www.alicedourenn.com\/wp-content\/uploads\/2020\/04\/pens\u00e9e-sauvage-8-768x595.jpg 768w\" sizes=\"auto, (max-width: 850px) 100vw, 850px\" \/><\/figure>\n<\/div>\n\n<div class=\"wp-block-image\">\n<figure class=\"aligncenter\"><img loading=\"lazy\" decoding=\"async\" width=\"591\" height=\"850\" src=\"https:\/\/www.alicedourenn.com\/wp-content\/uploads\/2020\/04\/pens\u00e9e-sauvage-7.jpg\" alt=\"\" class=\"wp-image-423\" srcset=\"https:\/\/www.alicedourenn.com\/wp-content\/uploads\/2020\/04\/pens\u00e9e-sauvage-7.jpg 591w, https:\/\/www.alicedourenn.com\/wp-content\/uploads\/2020\/04\/pens\u00e9e-sauvage-7-209x300.jpg 209w\" sizes=\"auto, (max-width: 591px) 100vw, 591px\" \/><\/figure>\n<\/div>\n\n<div class=\"wp-block-image\">\n<figure class=\"aligncenter\"><img loading=\"lazy\" decoding=\"async\" width=\"723\" height=\"510\" src=\"https:\/\/www.alicedourenn.com\/wp-content\/uploads\/2020\/04\/pens\u00e9e-sauvage-5.jpg\" alt=\"\" class=\"wp-image-421\" srcset=\"https:\/\/www.alicedourenn.com\/wp-content\/uploads\/2020\/04\/pens\u00e9e-sauvage-5.jpg 723w, https:\/\/www.alicedourenn.com\/wp-content\/uploads\/2020\/04\/pens\u00e9e-sauvage-5-300x212.jpg 300w\" sizes=\"auto, (max-width: 723px) 100vw, 723px\" \/><\/figure>\n<\/div>\n\n<div class=\"wp-block-image\">\n<figure class=\"aligncenter\"><img loading=\"lazy\" decoding=\"async\" width=\"863\" height=\"550\" src=\"https:\/\/www.alicedourenn.com\/wp-content\/uploads\/2020\/04\/pens\u00e9e-sauvage-4.jpg\" alt=\"\" class=\"wp-image-420\" srcset=\"https:\/\/www.alicedourenn.com\/wp-content\/uploads\/2020\/04\/pens\u00e9e-sauvage-4.jpg 863w, https:\/\/www.alicedourenn.com\/wp-content\/uploads\/2020\/04\/pens\u00e9e-sauvage-4-300x191.jpg 300w, https:\/\/www.alicedourenn.com\/wp-content\/uploads\/2020\/04\/pens\u00e9e-sauvage-4-768x489.jpg 768w\" sizes=\"auto, (max-width: 863px) 100vw, 863px\" \/><\/figure>\n<\/div>\n\n<div class=\"wp-block-image\">\n<figure class=\"aligncenter\"><img loading=\"lazy\" decoding=\"async\" width=\"566\" height=\"802\" src=\"https:\/\/www.alicedourenn.com\/wp-content\/uploads\/2020\/04\/pens\u00e9e-sauvage-3.jpg\" alt=\"\" class=\"wp-image-419\" srcset=\"https:\/\/www.alicedourenn.com\/wp-content\/uploads\/2020\/04\/pens\u00e9e-sauvage-3.jpg 566w, https:\/\/www.alicedourenn.com\/wp-content\/uploads\/2020\/04\/pens\u00e9e-sauvage-3-212x300.jpg 212w\" sizes=\"auto, (max-width: 566px) 100vw, 566px\" \/><\/figure>\n<\/div>\n\n<div class=\"wp-block-image\">\n<figure class=\"aligncenter\"><img loading=\"lazy\" decoding=\"async\" width=\"539\" height=\"788\" src=\"https:\/\/www.alicedourenn.com\/wp-content\/uploads\/2020\/04\/pens\u00e9e-sauvage-2.jpg\" alt=\"\" class=\"wp-image-418\" srcset=\"https:\/\/www.alicedourenn.com\/wp-content\/uploads\/2020\/04\/pens\u00e9e-sauvage-2.jpg 539w, https:\/\/www.alicedourenn.com\/wp-content\/uploads\/2020\/04\/pens\u00e9e-sauvage-2-205x300.jpg 205w\" sizes=\"auto, (max-width: 539px) 100vw, 539px\" \/><\/figure>\n<\/div>\n\n<div class=\"wp-block-image\">\n<figure class=\"aligncenter\"><img loading=\"lazy\" decoding=\"async\" width=\"791\" height=\"567\" src=\"https:\/\/www.alicedourenn.com\/wp-content\/uploads\/2020\/04\/pens\u00e9e-sauvage-1.jpg\" alt=\"\" class=\"wp-image-417\" srcset=\"https:\/\/www.alicedourenn.com\/wp-content\/uploads\/2020\/04\/pens\u00e9e-sauvage-1.jpg 791w, https:\/\/www.alicedourenn.com\/wp-content\/uploads\/2020\/04\/pens\u00e9e-sauvage-1-300x215.jpg 300w, https:\/\/www.alicedourenn.com\/wp-content\/uploads\/2020\/04\/pens\u00e9e-sauvage-1-768x551.jpg 768w\" sizes=\"auto, (max-width: 791px) 100vw, 791px\" \/><\/figure>\n<\/div>","protected":false},"excerpt":{"rendered":"<p>10 photographies g\u00e9latino-bromure d&rsquo;argent sur miroir, noir et blanc, 40&#215;50 cm et 50&#215;70 cm. Ces photographies sont issues d\u2019un voyage dans la neuvi\u00e8me r\u00e9gion du Chili o\u00f9 se trouve l\u2019Isla Mocha, \u00e0 quelques kilom\u00e8tres des c\u00f4tes. Cette \u00eele rec\u00e8le une <a class=\"more-link\" href=\"https:\/\/www.alicedourenn.com\/?page_id=406\">Lire plus\u00a0\u2026<\/a><\/p>\n","protected":false},"author":1,"featured_media":0,"parent":728,"menu_order":0,"comment_status":"closed","ping_status":"closed","template":"","meta":{"footnotes":""},"class_list":["post-406","page","type-page","status-publish","hentry"],"_links":{"self":[{"href":"https:\/\/www.alicedourenn.com\/index.php?rest_route=\/wp\/v2\/pages\/406","targetHints":{"allow":["GET"]}}],"collection":[{"href":"https:\/\/www.alicedourenn.com\/index.php?rest_route=\/wp\/v2\/pages"}],"about":[{"href":"https:\/\/www.alicedourenn.com\/index.php?rest_route=\/wp\/v2\/types\/page"}],"author":[{"embeddable":true,"href":"https:\/\/www.alicedourenn.com\/index.php?rest_route=\/wp\/v2\/users\/1"}],"replies":[{"embeddable":true,"href":"https:\/\/www.alicedourenn.com\/index.php?rest_route=%2Fwp%2Fv2%2Fcomments&post=406"}],"version-history":[{"count":16,"href":"https:\/\/www.alicedourenn.com\/index.php?rest_route=\/wp\/v2\/pages\/406\/revisions"}],"predecessor-version":[{"id":771,"href":"https:\/\/www.alicedourenn.com\/index.php?rest_route=\/wp\/v2\/pages\/406\/revisions\/771"}],"up":[{"embeddable":true,"href":"https:\/\/www.alicedourenn.com\/index.php?rest_route=\/wp\/v2\/pages\/728"}],"wp:attachment":[{"href":"https:\/\/www.alicedourenn.com\/index.php?rest_route=%2Fwp%2Fv2%2Fmedia&parent=406"}],"curies":[{"name":"wp","href":"https:\/\/api.w.org\/{rel}","templated":true}]}}