{"id":564,"date":"2020-07-02T13:55:35","date_gmt":"2020-07-02T13:55:35","guid":{"rendered":"https:\/\/www.alicedourenn.com\/?page_id=564"},"modified":"2025-11-18T20:40:50","modified_gmt":"2025-11-18T20:40:50","slug":"pom","status":"publish","type":"page","link":"https:\/\/www.alicedourenn.com\/?page_id=564","title":{"rendered":"Trois fois neuf"},"content":{"rendered":"\n<p>Photo-biographie sur la maternit\u00e9. <\/p>\n\n\n\n<p>Photo-montage num\u00e9rique, non expos\u00e9e, non publi\u00e9, 2014.<\/p>\n\n\n\n<p><code>Cette s\u00e9rie parle de la mani\u00e8re \u00e0 laquelle je concilie ma vie d\u2019artiste avec la maternit\u00e9.\u00a0Trois fois neuf\u00a0 est un bilan des neuf mois de grossesse jusqu\u2019au 18 mois de ma fille. Toutes les photographies de la s\u00e9rie sont issues de ce laps de temps. Elles repr\u00e9sentent mes perceptions, mes r\u00e9flexions, mes difficult\u00e9s, mes recherches sur la vie, le temps, le quotidien, l\u2019art.<\/code> <\/p>\n\n\n\n<h2 class=\"wp-block-heading\"><a rel=\"noreferrer noopener\" aria-label=\" (s\u2019ouvre dans un nouvel onglet)\" href=\"https:\/\/www.youtube.com\/watch?v=CDT082Bx6lA\" target=\"_blank\">Regarder la vid\u00e9o<\/a><\/h2>\n\n\n<div class=\"wp-block-image\">\n<figure class=\"aligncenter size-large\"><a href=\"https:\/\/www.youtube.com\/watch?v=CDT082Bx6lA\" target=\"_blank\" rel=\"noreferrer noopener\"><img loading=\"lazy\" decoding=\"async\" width=\"1021\" height=\"680\" src=\"https:\/\/www.alicedourenn.com\/wp-content\/uploads\/2020\/07\/Alice_Dourenn-007.jpg\" alt=\"\" class=\"wp-image-569\" srcset=\"https:\/\/www.alicedourenn.com\/wp-content\/uploads\/2020\/07\/Alice_Dourenn-007.jpg 1021w, https:\/\/www.alicedourenn.com\/wp-content\/uploads\/2020\/07\/Alice_Dourenn-007-300x200.jpg 300w, https:\/\/www.alicedourenn.com\/wp-content\/uploads\/2020\/07\/Alice_Dourenn-007-768x511.jpg 768w\" sizes=\"auto, (max-width: 1021px) 100vw, 1021px\" \/><\/a><\/figure>\n<\/div>\n\n\n<p><\/p>\n","protected":false},"excerpt":{"rendered":"<p>Photo-biographie sur la maternit\u00e9. Photo-montage num\u00e9rique, non expos\u00e9e, non publi\u00e9, 2014. Cette s\u00e9rie parle de la mani\u00e8re \u00e0 laquelle je concilie ma vie d\u2019artiste avec la maternit\u00e9.\u00a0Trois fois neuf\u00a0 est un bilan des neuf mois de grossesse jusqu\u2019au 18 mois <a class=\"more-link\" href=\"https:\/\/www.alicedourenn.com\/?page_id=564\">Lire plus\u00a0\u2026<\/a><\/p>\n","protected":false},"author":1,"featured_media":0,"parent":728,"menu_order":0,"comment_status":"closed","ping_status":"closed","template":"","meta":{"footnotes":""},"class_list":["post-564","page","type-page","status-publish","hentry"],"_links":{"self":[{"href":"https:\/\/www.alicedourenn.com\/index.php?rest_route=\/wp\/v2\/pages\/564","targetHints":{"allow":["GET"]}}],"collection":[{"href":"https:\/\/www.alicedourenn.com\/index.php?rest_route=\/wp\/v2\/pages"}],"about":[{"href":"https:\/\/www.alicedourenn.com\/index.php?rest_route=\/wp\/v2\/types\/page"}],"author":[{"embeddable":true,"href":"https:\/\/www.alicedourenn.com\/index.php?rest_route=\/wp\/v2\/users\/1"}],"replies":[{"embeddable":true,"href":"https:\/\/www.alicedourenn.com\/index.php?rest_route=%2Fwp%2Fv2%2Fcomments&post=564"}],"version-history":[{"count":7,"href":"https:\/\/www.alicedourenn.com\/index.php?rest_route=\/wp\/v2\/pages\/564\/revisions"}],"predecessor-version":[{"id":784,"href":"https:\/\/www.alicedourenn.com\/index.php?rest_route=\/wp\/v2\/pages\/564\/revisions\/784"}],"up":[{"embeddable":true,"href":"https:\/\/www.alicedourenn.com\/index.php?rest_route=\/wp\/v2\/pages\/728"}],"wp:attachment":[{"href":"https:\/\/www.alicedourenn.com\/index.php?rest_route=%2Fwp%2Fv2%2Fmedia&parent=564"}],"curies":[{"name":"wp","href":"https:\/\/api.w.org\/{rel}","templated":true}]}}