{"id":799,"date":"2025-11-18T21:16:17","date_gmt":"2025-11-18T21:16:17","guid":{"rendered":"https:\/\/www.alicedourenn.com\/?page_id=799"},"modified":"2026-02-23T10:57:56","modified_gmt":"2026-02-23T10:57:56","slug":"lenvol-ou-la-mise-a-nu","status":"publish","type":"page","link":"https:\/\/www.alicedourenn.com\/?page_id=799","title":{"rendered":"L&rsquo;envol ou la mise \u00e0 nu"},"content":{"rendered":"\n<p>1 photographie g\u00e9latino-bromure d&rsquo;argent sur miroir, verre. 50&#215;50 cm,<br>Installation, pos\u00e9e au sol avec les c\u00f4t\u00e9s enterr\u00e9s formant un cercle.<\/p>\n\n\n\n<ul class=\"wp-block-list\">\n<li><strong>Les quartiers d&rsquo;\u00e9t\u00e9, galerie la Chambre Claire, Dingy-Saint-Clair, 2006.<\/strong><\/li>\n<\/ul>\n\n\n\n<p> Premi\u00e8re exp\u00e9rimentation d\u2019installation d\u2019une photographie sur miroir dans la nature. Le titre po\u00e9tique l\u2019 envol signifie mon d\u00e9sir de me lancer dans la vie artistique professionnelle et le sous titre \u2018la mise \u00e0 nu\u2019 pose comme engagement dans la voie artistique une honn\u00eatet\u00e9 avec soi-m\u00eame.   <\/p>\n\n\n<div class=\"wp-block-image\">\n<figure class=\"aligncenter size-large\"><img loading=\"lazy\" decoding=\"async\" width=\"681\" height=\"1024\" src=\"https:\/\/www.alicedourenn.com\/wp-content\/uploads\/2025\/11\/DSC_0098-681x1024.jpg\" alt=\"\" class=\"wp-image-800\" srcset=\"https:\/\/www.alicedourenn.com\/wp-content\/uploads\/2025\/11\/DSC_0098-681x1024.jpg 681w, https:\/\/www.alicedourenn.com\/wp-content\/uploads\/2025\/11\/DSC_0098-199x300.jpg 199w, https:\/\/www.alicedourenn.com\/wp-content\/uploads\/2025\/11\/DSC_0098-768x1155.jpg 768w, https:\/\/www.alicedourenn.com\/wp-content\/uploads\/2025\/11\/DSC_0098-1021x1536.jpg 1021w, https:\/\/www.alicedourenn.com\/wp-content\/uploads\/2025\/11\/DSC_0098-1362x2048.jpg 1362w, https:\/\/www.alicedourenn.com\/wp-content\/uploads\/2025\/11\/DSC_0098-scaled.jpg 1702w\" sizes=\"auto, (max-width: 681px) 100vw, 681px\" \/><\/figure>\n<\/div>\n\n<div class=\"wp-block-image\">\n<figure class=\"aligncenter size-large\"><img loading=\"lazy\" decoding=\"async\" width=\"681\" height=\"1024\" src=\"https:\/\/www.alicedourenn.com\/wp-content\/uploads\/2025\/11\/Lenvol10h00-681x1024.jpg\" alt=\"\" class=\"wp-image-801\" srcset=\"https:\/\/www.alicedourenn.com\/wp-content\/uploads\/2025\/11\/Lenvol10h00-681x1024.jpg 681w, https:\/\/www.alicedourenn.com\/wp-content\/uploads\/2025\/11\/Lenvol10h00-199x300.jpg 199w, https:\/\/www.alicedourenn.com\/wp-content\/uploads\/2025\/11\/Lenvol10h00-768x1155.jpg 768w, https:\/\/www.alicedourenn.com\/wp-content\/uploads\/2025\/11\/Lenvol10h00-1021x1536.jpg 1021w, https:\/\/www.alicedourenn.com\/wp-content\/uploads\/2025\/11\/Lenvol10h00-1362x2048.jpg 1362w, https:\/\/www.alicedourenn.com\/wp-content\/uploads\/2025\/11\/Lenvol10h00-scaled.jpg 1702w\" sizes=\"auto, (max-width: 681px) 100vw, 681px\" \/><\/figure>\n<\/div>\n\n<div class=\"wp-block-image\">\n<figure class=\"aligncenter size-large\"><img loading=\"lazy\" decoding=\"async\" width=\"681\" height=\"1024\" src=\"https:\/\/www.alicedourenn.com\/wp-content\/uploads\/2025\/11\/Lenvol11h00-681x1024.jpg\" alt=\"\" class=\"wp-image-802\" srcset=\"https:\/\/www.alicedourenn.com\/wp-content\/uploads\/2025\/11\/Lenvol11h00-681x1024.jpg 681w, https:\/\/www.alicedourenn.com\/wp-content\/uploads\/2025\/11\/Lenvol11h00-199x300.jpg 199w, https:\/\/www.alicedourenn.com\/wp-content\/uploads\/2025\/11\/Lenvol11h00-768x1155.jpg 768w, https:\/\/www.alicedourenn.com\/wp-content\/uploads\/2025\/11\/Lenvol11h00-1021x1536.jpg 1021w, https:\/\/www.alicedourenn.com\/wp-content\/uploads\/2025\/11\/Lenvol11h00-1362x2048.jpg 1362w, https:\/\/www.alicedourenn.com\/wp-content\/uploads\/2025\/11\/Lenvol11h00-scaled.jpg 1702w\" sizes=\"auto, (max-width: 681px) 100vw, 681px\" \/><\/figure>\n<\/div>","protected":false},"excerpt":{"rendered":"<p>1 photographie g\u00e9latino-bromure d&rsquo;argent sur miroir, verre. 50&#215;50 cm,Installation, pos\u00e9e au sol avec les c\u00f4t\u00e9s enterr\u00e9s formant un cercle. Premi\u00e8re exp\u00e9rimentation d\u2019installation d\u2019une photographie sur miroir dans la nature. Le titre po\u00e9tique l\u2019 envol signifie mon d\u00e9sir de me lancer <a class=\"more-link\" href=\"https:\/\/www.alicedourenn.com\/?page_id=799\">Lire plus\u00a0\u2026<\/a><\/p>\n","protected":false},"author":1,"featured_media":0,"parent":0,"menu_order":0,"comment_status":"closed","ping_status":"closed","template":"","meta":{"footnotes":""},"class_list":["post-799","page","type-page","status-publish","hentry"],"_links":{"self":[{"href":"https:\/\/www.alicedourenn.com\/index.php?rest_route=\/wp\/v2\/pages\/799","targetHints":{"allow":["GET"]}}],"collection":[{"href":"https:\/\/www.alicedourenn.com\/index.php?rest_route=\/wp\/v2\/pages"}],"about":[{"href":"https:\/\/www.alicedourenn.com\/index.php?rest_route=\/wp\/v2\/types\/page"}],"author":[{"embeddable":true,"href":"https:\/\/www.alicedourenn.com\/index.php?rest_route=\/wp\/v2\/users\/1"}],"replies":[{"embeddable":true,"href":"https:\/\/www.alicedourenn.com\/index.php?rest_route=%2Fwp%2Fv2%2Fcomments&post=799"}],"version-history":[{"count":2,"href":"https:\/\/www.alicedourenn.com\/index.php?rest_route=\/wp\/v2\/pages\/799\/revisions"}],"predecessor-version":[{"id":805,"href":"https:\/\/www.alicedourenn.com\/index.php?rest_route=\/wp\/v2\/pages\/799\/revisions\/805"}],"wp:attachment":[{"href":"https:\/\/www.alicedourenn.com\/index.php?rest_route=%2Fwp%2Fv2%2Fmedia&parent=799"}],"curies":[{"name":"wp","href":"https:\/\/api.w.org\/{rel}","templated":true}]}}